{"id":2737,"date":"2024-04-10T12:54:07","date_gmt":"2024-04-10T17:54:07","guid":{"rendered":"https:\/\/peruspecialtytours.com\/?page_id=2737"},"modified":"2024-04-10T16:15:20","modified_gmt":"2024-04-10T21:15:20","slug":"dr-alvaro-ascenzo-clinica-miraflores","status":"publish","type":"page","link":"https:\/\/peruspecialtytours.com\/fr\/dr-alvaro-ascenzo-clinica-miraflores\/","title":{"rendered":"Dr. \u00c1lvaro Ascenzo \u2013 Cl\u00ednica Miraflores"},"content":{"rendered":"<div data-elementor-type=\"wp-page\" data-elementor-id=\"2737\" class=\"elementor elementor-2737\" data-elementor-post-type=\"page\">\n\t\t\t\t<div class=\"elementor-element elementor-element-f89de95 e-flex e-con-boxed e-con e-parent\" data-id=\"f89de95\" data-element_type=\"container\" data-e-type=\"container\">\n\t\t\t\t\t<div class=\"e-con-inner\">\n\t\t\t\t\t<\/div>\n\t\t\t\t<\/div>\n\t\t<div class=\"elementor-element elementor-element-e08a3c2 e-con-full e-flex e-con e-parent\" data-id=\"e08a3c2\" data-element_type=\"container\" data-e-type=\"container\">\n\t\t<div class=\"elementor-element elementor-element-65c0371 e-flex e-con-boxed e-con e-child\" data-id=\"65c0371\" data-element_type=\"container\" data-e-type=\"container\" data-settings=\"{&quot;background_background&quot;:&quot;classic&quot;}\">\n\t\t\t\t\t<div class=\"e-con-inner\">\n\t\t\t\t<div class=\"elementor-element elementor-element-d40ffca elementor-widget elementor-widget-image\" data-id=\"d40ffca\" data-element_type=\"widget\" data-e-type=\"widget\" data-widget_type=\"image.default\">\n\t\t\t\t<div class=\"elementor-widget-container\">\n\t\t\t\t\t\t\t\t\t\t\t\t\t\t\t<img fetchpriority=\"high\" decoding=\"async\" width=\"335\" height=\"536\" src=\"https:\/\/peruspecialtytours.com\/wp-content\/uploads\/2024\/04\/DR-alvaro-sin-fondo.png\" class=\"attachment-large size-large wp-image-2742\" alt=\"\" srcset=\"https:\/\/peruspecialtytours.com\/wp-content\/uploads\/2024\/04\/DR-alvaro-sin-fondo.png 335w, https:\/\/peruspecialtytours.com\/wp-content\/uploads\/2024\/04\/DR-alvaro-sin-fondo-188x300.png 188w\" sizes=\"(max-width: 335px) 100vw, 335px\" \/>\t\t\t\t\t\t\t\t\t\t\t\t\t\t\t<\/div>\n\t\t\t\t<\/div>\n\t\t\t\t\t<\/div>\n\t\t\t\t<\/div>\n\t\t<div class=\"elementor-element elementor-element-b6344e0 e-flex e-con-boxed e-con e-child\" data-id=\"b6344e0\" data-element_type=\"container\" data-e-type=\"container\">\n\t\t\t\t\t<div class=\"e-con-inner\">\n\t\t\t\t<div class=\"elementor-element elementor-element-cdabc55 elementor-widget elementor-widget-image\" data-id=\"cdabc55\" data-element_type=\"widget\" data-e-type=\"widget\" data-widget_type=\"image.default\">\n\t\t\t\t<div class=\"elementor-widget-container\">\n\t\t\t\t\t\t\t\t\t\t\t\t\t\t\t<img decoding=\"async\" width=\"295\" height=\"69\" src=\"https:\/\/peruspecialtytours.com\/wp-content\/uploads\/2024\/04\/logo-clinica-miraflores-1.png\" class=\"attachment-large size-large wp-image-2740\" alt=\"\" \/>\t\t\t\t\t\t\t\t\t\t\t\t\t\t\t<\/div>\n\t\t\t\t<\/div>\n\t\t\t\t<div class=\"elementor-element elementor-element-20403eb elementor-widget elementor-widget-heading\" data-id=\"20403eb\" data-element_type=\"widget\" data-e-type=\"widget\" data-widget_type=\"heading.default\">\n\t\t\t\t<div class=\"elementor-widget-container\">\n\t\t\t\t\t<h2 class=\"elementor-heading-title elementor-size-default\">Dr \u00c1lvaro ASCENZO\n<\/h2>\t\t\t\t<\/div>\n\t\t\t\t<\/div>\n\t\t\t\t<div class=\"elementor-element elementor-element-49f3414 elementor-widget elementor-widget-heading\" data-id=\"49f3414\" data-element_type=\"widget\" data-e-type=\"widget\" data-widget_type=\"heading.default\">\n\t\t\t\t<div class=\"elementor-widget-container\">\n\t\t\t\t\t<h2 class=\"elementor-heading-title elementor-size-default\">Sp\u00e9cialiste de l&#039;infertilit\u00e9<br \/>\nCMP\u00a0: 22843\u200b<br \/>\nRNE\u00a0: 018623<\/h2>\t\t\t\t<\/div>\n\t\t\t\t<\/div>\n\t\t\t\t<div class=\"elementor-element elementor-element-4eb36a4 elementor-widget elementor-widget-text-editor\" data-id=\"4eb36a4\" data-element_type=\"widget\" data-e-type=\"widget\" data-widget_type=\"text-editor.default\">\n\t\t\t\t<div class=\"elementor-widget-container\">\n\t\t\t\t\t\t\t\t\t<p>Chirurgien, dipl\u00f4m\u00e9 de l&#039;Universit\u00e9 Autonome du Mexique, sp\u00e9cialis\u00e9 en gyn\u00e9cologie et obst\u00e9trique de l&#039;Universit\u00e9 Nationale Federico Villarreal, sp\u00e9cialiste de la fertilit\u00e9, d\u00e9di\u00e9 \u00e0 la sant\u00e9 reproductive et \u00e0 la procr\u00e9ation assist\u00e9e. Membre titulaire de la Soci\u00e9t\u00e9 P\u00e9ruvienne de Fertilit\u00e9 (collaborant en tant que conf\u00e9rencier \u00e0 diverses activit\u00e9s organis\u00e9es par la soci\u00e9t\u00e9), membre associ\u00e9 de la Soci\u00e9t\u00e9 P\u00e9ruvienne d&#039;Obst\u00e9trique et de Gyn\u00e9cologie, avec des \u00e9tudes dans la sp\u00e9cialit\u00e9 de l&#039;infertilit\u00e9, membre fondateur de la Soci\u00e9t\u00e9 de M\u00e9nopause et membre titulaire de la Soci\u00e9t\u00e9 Climat\u00e9rique P\u00e9ruvienne. Associ\u00e9, directeur et membre principal du personnel de la Cl\u00ednica Miraflores SAC<\/p>\t\t\t\t\t\t\t\t<\/div>\n\t\t\t\t<\/div>\n\t\t\t\t<div class=\"elementor-element elementor-element-dbd845b elementor-widget elementor-widget-heading\" data-id=\"dbd845b\" data-element_type=\"widget\" data-e-type=\"widget\" data-widget_type=\"heading.default\">\n\t\t\t\t<div class=\"elementor-widget-container\">\n\t\t\t\t\t<h2 class=\"elementor-heading-title elementor-size-default\"><a href=\"https:\/\/www.clinicamiraflores.com.pe\/\" target=\"_blank\">www.clinicamiraflores.com.pe<\/a><\/h2>\t\t\t\t<\/div>\n\t\t\t\t<\/div>\n\t\t\t\t<div class=\"elementor-element elementor-element-c1333ca e-grid-align-left elementor-shape-rounded elementor-grid-0 elementor-widget elementor-widget-social-icons\" data-id=\"c1333ca\" data-element_type=\"widget\" data-e-type=\"widget\" data-widget_type=\"social-icons.default\">\n\t\t\t\t<div class=\"elementor-widget-container\">\n\t\t\t\t\t\t\t<div class=\"elementor-social-icons-wrapper elementor-grid\" role=\"list\">\n\t\t\t\t\t\t\t<span class=\"elementor-grid-item\" role=\"listitem\">\n\t\t\t\t\t<a class=\"elementor-icon elementor-social-icon elementor-social-icon-facebook elementor-repeater-item-a49298f\" href=\"https:\/\/www.facebook.com\/ClinicaMirafloresOficial\/?locale=es_LA\" target=\"_blank\">\n\t\t\t\t\t\t<span class=\"elementor-screen-only\">Facebook<\/span>\n\t\t\t\t\t\t<svg aria-hidden=\"true\" class=\"e-font-icon-svg e-fab-facebook\" viewbox=\"0 0 512 512\" xmlns=\"http:\/\/www.w3.org\/2000\/svg\"><path d=\"M504 256C504 119 393 8 256 8S8 119 8 256c0 123.78 90.69 226.38 209.25 245V327.69h-63V256h63v-54.64c0-62.15 37-96.48 93.67-96.48 27.14 0 55.52 4.84 55.52 4.84v61h-31.28c-30.8 0-40.41 19.12-40.41 38.73V256h68.78l-11 71.69h-57.78V501C413.31 482.38 504 379.78 504 256z\"><\/path><\/svg>\t\t\t\t\t<\/a>\n\t\t\t\t<\/span>\n\t\t\t\t\t\t\t<span class=\"elementor-grid-item\" role=\"listitem\">\n\t\t\t\t\t<a class=\"elementor-icon elementor-social-icon elementor-social-icon-instagram elementor-repeater-item-fe72cf4\" href=\"https:\/\/www.instagram.com\/clinicamirafloresoficial\/\" target=\"_blank\">\n\t\t\t\t\t\t<span class=\"elementor-screen-only\">Instagram<\/span>\n\t\t\t\t\t\t<svg aria-hidden=\"true\" class=\"e-font-icon-svg e-fab-instagram\" viewbox=\"0 0 448 512\" xmlns=\"http:\/\/www.w3.org\/2000\/svg\"><path d=\"M224.1 141c-63.6 0-114.9 51.3-114.9 114.9s51.3 114.9 114.9 114.9S339 319.5 339 255.9 287.7 141 224.1 141zm0 189.6c-41.1 0-74.7-33.5-74.7-74.7s33.5-74.7 74.7-74.7 74.7 33.5 74.7 74.7-33.6 74.7-74.7 74.7zm146.4-194.3c0 14.9-12 26.8-26.8 26.8-14.9 0-26.8-12-26.8-26.8s12-26.8 26.8-26.8 26.8 12 26.8 26.8zm76.1 27.2c-1.7-35.9-9.9-67.7-36.2-93.9-26.2-26.2-58-34.4-93.9-36.2-37-2.1-147.9-2.1-184.9 0-35.8 1.7-67.6 9.9-93.9 36.1s-34.4 58-36.2 93.9c-2.1 37-2.1 147.9 0 184.9 1.7 35.9 9.9 67.7 36.2 93.9s58 34.4 93.9 36.2c37 2.1 147.9 2.1 184.9 0 35.9-1.7 67.7-9.9 93.9-36.2 26.2-26.2 34.4-58 36.2-93.9 2.1-37 2.1-147.8 0-184.8zM398.8 388c-7.8 19.6-22.9 34.7-42.6 42.6-29.5 11.7-99.5 9-132.1 9s-102.7 2.6-132.1-9c-19.6-7.8-34.7-22.9-42.6-42.6-11.7-29.5-9-99.5-9-132.1s-2.6-102.7 9-132.1c7.8-19.6 22.9-34.7 42.6-42.6 29.5-11.7 99.5-9 132.1-9s102.7-2.6 132.1 9c19.6 7.8 34.7 22.9 42.6 42.6 11.7 29.5 9 99.5 9 132.1s2.7 102.7-9 132.1z\"><\/path><\/svg>\t\t\t\t\t<\/a>\n\t\t\t\t<\/span>\n\t\t\t\t\t\t\t<span class=\"elementor-grid-item\" role=\"listitem\">\n\t\t\t\t\t<a class=\"elementor-icon elementor-social-icon elementor-social-icon-youtube elementor-repeater-item-299f6b2\" href=\"https:\/\/www.youtube.com\/channel\/UC2Z0-008pJ6JRoGSqIOhWQA\" target=\"_blank\">\n\t\t\t\t\t\t<span class=\"elementor-screen-only\">Youtube<\/span>\n\t\t\t\t\t\t<svg aria-hidden=\"true\" class=\"e-font-icon-svg e-fab-youtube\" viewbox=\"0 0 576 512\" xmlns=\"http:\/\/www.w3.org\/2000\/svg\"><path d=\"M549.655 124.083c-6.281-23.65-24.787-42.276-48.284-48.597C458.781 64 288 64 288 64S117.22 64 74.629 75.486c-23.497 6.322-42.003 24.947-48.284 48.597-11.412 42.867-11.412 132.305-11.412 132.305s0 89.438 11.412 132.305c6.281 23.65 24.787 41.5 48.284 47.821C117.22 448 288 448 288 448s170.78 0 213.371-11.486c23.497-6.321 42.003-24.171 48.284-47.821 11.412-42.867 11.412-132.305 11.412-132.305s0-89.438-11.412-132.305zm-317.51 213.508V175.185l142.739 81.205-142.739 81.201z\"><\/path><\/svg>\t\t\t\t\t<\/a>\n\t\t\t\t<\/span>\n\t\t\t\t\t<\/div>\n\t\t\t\t\t\t<\/div>\n\t\t\t\t<\/div>\n\t\t\t\t\t<\/div>\n\t\t\t\t<\/div>\n\t\t\t\t<\/div>\n\t\t\t\t<\/div>","protected":false},"excerpt":{"rendered":"<p>Dr. \u00c1lvaro ASCENZO Infertility Specialist CMP: 22843\u200b RNE: 018623 Surgeon, graduated from the Autonomous University of Mexico, specialized in Gynecology and Obstetrics from the National Federico Villarreal University, Fertility Specialist, dedicated to reproductive health and assisted reproduction. Full member of the Peruvian Fertility Society (collaborating as a speaker in various activities organized by the society), [&hellip;]<\/p>\n","protected":false},"author":1,"featured_media":0,"parent":0,"menu_order":0,"comment_status":"closed","ping_status":"closed","template":"elementor_header_footer","meta":{"footnotes":""},"class_list":["post-2737","page","type-page","status-publish","hentry"],"yoast_head":"<!-- This site is optimized with the Yoast SEO Premium plugin v22.9 (Yoast SEO v27.4) - https:\/\/yoast.com\/product\/yoast-seo-premium-wordpress\/ -->\n<title>Dr. \u00c1lvaro Ascenzo \u2013 Cl\u00ednica Miraflores - Peru Specialty Tours<\/title>\n<meta name=\"robots\" content=\"index, follow, max-snippet:-1, max-image-preview:large, max-video-preview:-1\" \/>\n<link rel=\"canonical\" href=\"https:\/\/peruspecialtytours.com\/fr\/dr-alvaro-ascenzo-clinica-miraflores\/\" \/>\n<meta property=\"og:locale\" content=\"fr_FR\" \/>\n<meta property=\"og:type\" content=\"article\" \/>\n<meta property=\"og:title\" content=\"Dr. \u00c1lvaro Ascenzo \u2013 Cl\u00ednica Miraflores\" \/>\n<meta property=\"og:description\" content=\"Dr. \u00c1lvaro ASCENZO Infertility Specialist CMP: 22843\u200b RNE: 018623 Surgeon, graduated from the Autonomous University of Mexico, specialized in Gynecology and Obstetrics from the National Federico Villarreal University, Fertility Specialist, dedicated to reproductive health and assisted reproduction. Full member of the Peruvian Fertility Society (collaborating as a speaker in various activities organized by the society), [&hellip;]\" \/>\n<meta property=\"og:url\" content=\"https:\/\/peruspecialtytours.com\/fr\/dr-alvaro-ascenzo-clinica-miraflores\/\" \/>\n<meta property=\"og:site_name\" content=\"Peru Specialty Tours\" \/>\n<meta property=\"article:modified_time\" content=\"2024-04-10T21:15:20+00:00\" \/>\n<meta property=\"og:image\" content=\"https:\/\/peruspecialtytours.com\/wp-content\/uploads\/2024\/04\/DR-alvaro-sin-fondo.png\" \/>\n<meta name=\"twitter:card\" content=\"summary_large_image\" \/>\n<meta name=\"twitter:label1\" content=\"Dur\u00e9e de lecture estim\u00e9e\" \/>\n\t<meta name=\"twitter:data1\" content=\"1 minute\" \/>\n<script type=\"application\/ld+json\" class=\"yoast-schema-graph\">{\"@context\":\"https:\\\/\\\/schema.org\",\"@graph\":[{\"@type\":\"WebPage\",\"@id\":\"https:\\\/\\\/peruspecialtytours.com\\\/dr-alvaro-ascenzo-clinica-miraflores\\\/\",\"url\":\"https:\\\/\\\/peruspecialtytours.com\\\/dr-alvaro-ascenzo-clinica-miraflores\\\/\",\"name\":\"Dr. \u00c1lvaro Ascenzo \u2013 Cl\u00ednica Miraflores - Peru Specialty Tours\",\"isPartOf\":{\"@id\":\"https:\\\/\\\/peruspecialtytours.com\\\/#website\"},\"primaryImageOfPage\":{\"@id\":\"https:\\\/\\\/peruspecialtytours.com\\\/dr-alvaro-ascenzo-clinica-miraflores\\\/#primaryimage\"},\"image\":{\"@id\":\"https:\\\/\\\/peruspecialtytours.com\\\/dr-alvaro-ascenzo-clinica-miraflores\\\/#primaryimage\"},\"thumbnailUrl\":\"https:\\\/\\\/peruspecialtytours.com\\\/wp-content\\\/uploads\\\/2024\\\/04\\\/DR-alvaro-sin-fondo.png\",\"datePublished\":\"2024-04-10T17:54:07+00:00\",\"dateModified\":\"2024-04-10T21:15:20+00:00\",\"breadcrumb\":{\"@id\":\"https:\\\/\\\/peruspecialtytours.com\\\/dr-alvaro-ascenzo-clinica-miraflores\\\/#breadcrumb\"},\"inLanguage\":\"fr-FR\",\"potentialAction\":[{\"@type\":\"ReadAction\",\"target\":[\"https:\\\/\\\/peruspecialtytours.com\\\/dr-alvaro-ascenzo-clinica-miraflores\\\/\"]}]},{\"@type\":\"ImageObject\",\"inLanguage\":\"fr-FR\",\"@id\":\"https:\\\/\\\/peruspecialtytours.com\\\/dr-alvaro-ascenzo-clinica-miraflores\\\/#primaryimage\",\"url\":\"https:\\\/\\\/peruspecialtytours.com\\\/wp-content\\\/uploads\\\/2024\\\/04\\\/DR-alvaro-sin-fondo.png\",\"contentUrl\":\"https:\\\/\\\/peruspecialtytours.com\\\/wp-content\\\/uploads\\\/2024\\\/04\\\/DR-alvaro-sin-fondo.png\"},{\"@type\":\"BreadcrumbList\",\"@id\":\"https:\\\/\\\/peruspecialtytours.com\\\/dr-alvaro-ascenzo-clinica-miraflores\\\/#breadcrumb\",\"itemListElement\":[{\"@type\":\"ListItem\",\"position\":1,\"name\":\"Portada\",\"item\":\"https:\\\/\\\/peruspecialtytours.com\\\/\"},{\"@type\":\"ListItem\",\"position\":2,\"name\":\"Dr. \u00c1lvaro Ascenzo \u2013 Cl\u00ednica Miraflores\"}]},{\"@type\":\"WebSite\",\"@id\":\"https:\\\/\\\/peruspecialtytours.com\\\/#website\",\"url\":\"https:\\\/\\\/peruspecialtytours.com\\\/\",\"name\":\"Peru Specialty Tours\",\"description\":\"\",\"publisher\":{\"@id\":\"https:\\\/\\\/peruspecialtytours.com\\\/#organization\"},\"potentialAction\":[{\"@type\":\"SearchAction\",\"target\":{\"@type\":\"EntryPoint\",\"urlTemplate\":\"https:\\\/\\\/peruspecialtytours.com\\\/?s={search_term_string}\"},\"query-input\":{\"@type\":\"PropertyValueSpecification\",\"valueRequired\":true,\"valueName\":\"search_term_string\"}}],\"inLanguage\":\"fr-FR\"},{\"@type\":\"Organization\",\"@id\":\"https:\\\/\\\/peruspecialtytours.com\\\/#organization\",\"name\":\"Peru Specialty Tours\",\"url\":\"https:\\\/\\\/peruspecialtytours.com\\\/\",\"logo\":{\"@type\":\"ImageObject\",\"inLanguage\":\"fr-FR\",\"@id\":\"https:\\\/\\\/peruspecialtytours.com\\\/#\\\/schema\\\/logo\\\/image\\\/\",\"url\":\"https:\\\/\\\/peruspecialtytours.com\\\/wp-content\\\/uploads\\\/2023\\\/12\\\/logo-peru-specialty-tours.png\",\"contentUrl\":\"https:\\\/\\\/peruspecialtytours.com\\\/wp-content\\\/uploads\\\/2023\\\/12\\\/logo-peru-specialty-tours.png\",\"width\":198,\"height\":100,\"caption\":\"Peru Specialty Tours\"},\"image\":{\"@id\":\"https:\\\/\\\/peruspecialtytours.com\\\/#\\\/schema\\\/logo\\\/image\\\/\"}}]}<\/script>\n<!-- \/ Yoast SEO Premium plugin. -->","yoast_head_json":{"title":"Dr. \u00c1lvaro Ascenzo \u2013 Cl\u00ednica Miraflores - Peru Specialty Tours","robots":{"index":"index","follow":"follow","max-snippet":"max-snippet:-1","max-image-preview":"max-image-preview:large","max-video-preview":"max-video-preview:-1"},"canonical":"https:\/\/peruspecialtytours.com\/fr\/dr-alvaro-ascenzo-clinica-miraflores\/","og_locale":"fr_FR","og_type":"article","og_title":"Dr. \u00c1lvaro Ascenzo \u2013 Cl\u00ednica Miraflores","og_description":"Dr. \u00c1lvaro ASCENZO Infertility Specialist CMP: 22843\u200b RNE: 018623 Surgeon, graduated from the Autonomous University of Mexico, specialized in Gynecology and Obstetrics from the National Federico Villarreal University, Fertility Specialist, dedicated to reproductive health and assisted reproduction. Full member of the Peruvian Fertility Society (collaborating as a speaker in various activities organized by the society), [&hellip;]","og_url":"https:\/\/peruspecialtytours.com\/fr\/dr-alvaro-ascenzo-clinica-miraflores\/","og_site_name":"Peru Specialty Tours","article_modified_time":"2024-04-10T21:15:20+00:00","og_image":[{"url":"https:\/\/peruspecialtytours.com\/wp-content\/uploads\/2024\/04\/DR-alvaro-sin-fondo.png","type":"","width":"","height":""}],"twitter_card":"summary_large_image","twitter_misc":{"Dur\u00e9e de lecture estim\u00e9e":"1 minute"},"schema":{"@context":"https:\/\/schema.org","@graph":[{"@type":"WebPage","@id":"https:\/\/peruspecialtytours.com\/dr-alvaro-ascenzo-clinica-miraflores\/","url":"https:\/\/peruspecialtytours.com\/dr-alvaro-ascenzo-clinica-miraflores\/","name":"Dr. \u00c1lvaro Ascenzo \u2013 Cl\u00ednica Miraflores - Peru Specialty Tours","isPartOf":{"@id":"https:\/\/peruspecialtytours.com\/#website"},"primaryImageOfPage":{"@id":"https:\/\/peruspecialtytours.com\/dr-alvaro-ascenzo-clinica-miraflores\/#primaryimage"},"image":{"@id":"https:\/\/peruspecialtytours.com\/dr-alvaro-ascenzo-clinica-miraflores\/#primaryimage"},"thumbnailUrl":"https:\/\/peruspecialtytours.com\/wp-content\/uploads\/2024\/04\/DR-alvaro-sin-fondo.png","datePublished":"2024-04-10T17:54:07+00:00","dateModified":"2024-04-10T21:15:20+00:00","breadcrumb":{"@id":"https:\/\/peruspecialtytours.com\/dr-alvaro-ascenzo-clinica-miraflores\/#breadcrumb"},"inLanguage":"fr-FR","potentialAction":[{"@type":"ReadAction","target":["https:\/\/peruspecialtytours.com\/dr-alvaro-ascenzo-clinica-miraflores\/"]}]},{"@type":"ImageObject","inLanguage":"fr-FR","@id":"https:\/\/peruspecialtytours.com\/dr-alvaro-ascenzo-clinica-miraflores\/#primaryimage","url":"https:\/\/peruspecialtytours.com\/wp-content\/uploads\/2024\/04\/DR-alvaro-sin-fondo.png","contentUrl":"https:\/\/peruspecialtytours.com\/wp-content\/uploads\/2024\/04\/DR-alvaro-sin-fondo.png"},{"@type":"BreadcrumbList","@id":"https:\/\/peruspecialtytours.com\/dr-alvaro-ascenzo-clinica-miraflores\/#breadcrumb","itemListElement":[{"@type":"ListItem","position":1,"name":"Portada","item":"https:\/\/peruspecialtytours.com\/"},{"@type":"ListItem","position":2,"name":"Dr. \u00c1lvaro Ascenzo \u2013 Cl\u00ednica Miraflores"}]},{"@type":"WebSite","@id":"https:\/\/peruspecialtytours.com\/#website","url":"https:\/\/peruspecialtytours.com\/","name":"Peru Specialty Tours","description":"","publisher":{"@id":"https:\/\/peruspecialtytours.com\/#organization"},"potentialAction":[{"@type":"SearchAction","target":{"@type":"EntryPoint","urlTemplate":"https:\/\/peruspecialtytours.com\/?s={search_term_string}"},"query-input":{"@type":"PropertyValueSpecification","valueRequired":true,"valueName":"search_term_string"}}],"inLanguage":"fr-FR"},{"@type":"Organization","@id":"https:\/\/peruspecialtytours.com\/#organization","name":"Peru Specialty Tours","url":"https:\/\/peruspecialtytours.com\/","logo":{"@type":"ImageObject","inLanguage":"fr-FR","@id":"https:\/\/peruspecialtytours.com\/#\/schema\/logo\/image\/","url":"https:\/\/peruspecialtytours.com\/wp-content\/uploads\/2023\/12\/logo-peru-specialty-tours.png","contentUrl":"https:\/\/peruspecialtytours.com\/wp-content\/uploads\/2023\/12\/logo-peru-specialty-tours.png","width":198,"height":100,"caption":"Peru Specialty Tours"},"image":{"@id":"https:\/\/peruspecialtytours.com\/#\/schema\/logo\/image\/"}}]}},"_links":{"self":[{"href":"https:\/\/peruspecialtytours.com\/fr\/wp-json\/wp\/v2\/pages\/2737","targetHints":{"allow":["GET"]}}],"collection":[{"href":"https:\/\/peruspecialtytours.com\/fr\/wp-json\/wp\/v2\/pages"}],"about":[{"href":"https:\/\/peruspecialtytours.com\/fr\/wp-json\/wp\/v2\/types\/page"}],"author":[{"embeddable":true,"href":"https:\/\/peruspecialtytours.com\/fr\/wp-json\/wp\/v2\/users\/1"}],"replies":[{"embeddable":true,"href":"https:\/\/peruspecialtytours.com\/fr\/wp-json\/wp\/v2\/comments?post=2737"}],"version-history":[{"count":28,"href":"https:\/\/peruspecialtytours.com\/fr\/wp-json\/wp\/v2\/pages\/2737\/revisions"}],"predecessor-version":[{"id":2776,"href":"https:\/\/peruspecialtytours.com\/fr\/wp-json\/wp\/v2\/pages\/2737\/revisions\/2776"}],"wp:attachment":[{"href":"https:\/\/peruspecialtytours.com\/fr\/wp-json\/wp\/v2\/media?parent=2737"}],"curies":[{"name":"wp","href":"https:\/\/api.w.org\/{rel}","templated":true}]}}