{"id":3183,"date":"2024-07-03T04:31:17","date_gmt":"2024-07-03T09:31:17","guid":{"rendered":"https:\/\/peruspecialtytours.com\/?page_id=3183"},"modified":"2024-07-03T05:12:27","modified_gmt":"2024-07-03T10:12:27","slug":"dr-walter-rodriguez-clinica-san-miguel","status":"publish","type":"page","link":"https:\/\/peruspecialtytours.com\/de\/dr-walter-rodriguez-clinica-san-miguel\/","title":{"rendered":"Walter Rodr\u00edguez \u2013 Cl\u00ednica San Miguel"},"content":{"rendered":"<div data-elementor-type=\"wp-page\" data-elementor-id=\"3183\" class=\"elementor elementor-3183\" data-elementor-post-type=\"page\">\n\t\t\t\t<div class=\"elementor-element elementor-element-657e66b e-flex e-con-boxed e-con e-parent\" data-id=\"657e66b\" data-element_type=\"container\" data-e-type=\"container\">\n\t\t\t\t\t<div class=\"e-con-inner\">\n\t\t\t\t\t<\/div>\n\t\t\t\t<\/div>\n\t\t<div class=\"elementor-element elementor-element-85b5781 e-con-full e-flex e-con e-parent\" data-id=\"85b5781\" data-element_type=\"container\" data-e-type=\"container\">\n\t\t<div class=\"elementor-element elementor-element-bc9f219 e-flex e-con-boxed e-con e-child\" data-id=\"bc9f219\" data-element_type=\"container\" data-e-type=\"container\" data-settings=\"{&quot;background_background&quot;:&quot;classic&quot;}\">\n\t\t\t\t\t<div class=\"e-con-inner\">\n\t\t\t\t<div class=\"elementor-element elementor-element-e3db1bb elementor-widget elementor-widget-image\" data-id=\"e3db1bb\" data-element_type=\"widget\" data-e-type=\"widget\" data-widget_type=\"image.default\">\n\t\t\t\t<div class=\"elementor-widget-container\">\n\t\t\t\t\t\t\t\t\t\t\t\t\t\t\t<img fetchpriority=\"high\" decoding=\"async\" width=\"681\" height=\"860\" src=\"https:\/\/peruspecialtytours.com\/wp-content\/uploads\/2024\/07\/dr.walter.cirujanoplastico.png\" class=\"attachment-full size-full wp-image-3186\" alt=\"\" srcset=\"https:\/\/peruspecialtytours.com\/wp-content\/uploads\/2024\/07\/dr.walter.cirujanoplastico.png 681w, https:\/\/peruspecialtytours.com\/wp-content\/uploads\/2024\/07\/dr.walter.cirujanoplastico-238x300.png 238w, https:\/\/peruspecialtytours.com\/wp-content\/uploads\/2024\/07\/dr.walter.cirujanoplastico-10x12.png 10w\" sizes=\"(max-width: 681px) 100vw, 681px\" \/>\t\t\t\t\t\t\t\t\t\t\t\t\t\t\t<\/div>\n\t\t\t\t<\/div>\n\t\t\t\t\t<\/div>\n\t\t\t\t<\/div>\n\t\t<div class=\"elementor-element elementor-element-7fc7404 e-flex e-con-boxed e-con e-child\" data-id=\"7fc7404\" data-element_type=\"container\" data-e-type=\"container\">\n\t\t\t\t\t<div class=\"e-con-inner\">\n\t\t\t\t<div class=\"elementor-element elementor-element-7333cfd elementor-widget elementor-widget-image\" data-id=\"7333cfd\" data-element_type=\"widget\" data-e-type=\"widget\" data-widget_type=\"image.default\">\n\t\t\t\t<div class=\"elementor-widget-container\">\n\t\t\t\t\t\t\t\t\t\t\t\t\t\t\t<img decoding=\"async\" width=\"800\" height=\"424\" src=\"https:\/\/peruspecialtytours.com\/wp-content\/uploads\/2024\/07\/logo.clinica-san-miguel-1.png\" class=\"attachment-large size-large wp-image-3188\" alt=\"\" srcset=\"https:\/\/peruspecialtytours.com\/wp-content\/uploads\/2024\/07\/logo.clinica-san-miguel-1.png 800w, https:\/\/peruspecialtytours.com\/wp-content\/uploads\/2024\/07\/logo.clinica-san-miguel-1-300x159.png 300w, https:\/\/peruspecialtytours.com\/wp-content\/uploads\/2024\/07\/logo.clinica-san-miguel-1-768x407.png 768w, https:\/\/peruspecialtytours.com\/wp-content\/uploads\/2024\/07\/logo.clinica-san-miguel-1-18x10.png 18w\" sizes=\"(max-width: 800px) 100vw, 800px\" \/>\t\t\t\t\t\t\t\t\t\t\t\t\t\t\t<\/div>\n\t\t\t\t<\/div>\n\t\t\t\t<div class=\"elementor-element elementor-element-d6c5c1b elementor-widget elementor-widget-heading\" data-id=\"d6c5c1b\" data-element_type=\"widget\" data-e-type=\"widget\" data-widget_type=\"heading.default\">\n\t\t\t\t<div class=\"elementor-widget-container\">\n\t\t\t\t\t<h2 class=\"elementor-heading-title elementor-size-default\">DR. WALTER RODR\u00cdGUEZ<\/h2>\t\t\t\t<\/div>\n\t\t\t\t<\/div>\n\t\t\t\t<div class=\"elementor-element elementor-element-43d81fc elementor-widget elementor-widget-heading\" data-id=\"43d81fc\" data-element_type=\"widget\" data-e-type=\"widget\" data-widget_type=\"heading.default\">\n\t\t\t\t<div class=\"elementor-widget-container\">\n\t\t\t\t\t<h2 class=\"elementor-heading-title elementor-size-default\">Plastischer Chirurg - Facelift-Spezialist Gesichtsbehandlung<br \/>\nCMP: 12768\u200b<br \/>\nRufnummer: 12820<\/h2>\t\t\t\t<\/div>\n\t\t\t\t<\/div>\n\t\t\t\t<div class=\"elementor-element elementor-element-4833a5b elementor-widget elementor-widget-text-editor\" data-id=\"4833a5b\" data-element_type=\"widget\" data-e-type=\"widget\" data-widget_type=\"text-editor.default\">\n\t\t\t\t<div class=\"elementor-widget-container\">\n\t\t\t\t\t\t\t\t\tDr. Walter Rodr\u00edguez ist plastischer Chirurg und Mitglied der American Society of Plastic Surgeons. Er ist auf Facelifting-Verfahren spezialisiert. Mit dieser Technik werden durch kurze Einschnitte sehr nat\u00fcrliche Ergebnisse erzielt, was hervorragende Ergebnisse und eine schnelle Genesung gew\u00e4hrleistet. Wir bieten auch eine innovative nicht-invasive Technik zur Gesichtsverj\u00fcngung und -harmonisierung mit Fotona-Lasern und Gesichtsfettimplantaten an, die dabei helfen, die Operationsergebnisse optimal aufrechtzuerhalten.\n\n\n\n\n\n\t\t\t\t\t\t\t\t<\/div>\n\t\t\t\t<\/div>\n\t\t\t\t<div class=\"elementor-element elementor-element-b88f5d6 elementor-widget elementor-widget-heading\" data-id=\"b88f5d6\" data-element_type=\"widget\" data-e-type=\"widget\" data-widget_type=\"heading.default\">\n\t\t\t\t<div class=\"elementor-widget-container\">\n\t\t\t\t\t<h2 class=\"elementor-heading-title elementor-size-default\"><a href=\"https:\/\/www.clinicaesteticasanmiguel.com\/\" target=\"_blank\">www.clinicaesteticasanmiguel.com<\/a><\/h2>\t\t\t\t<\/div>\n\t\t\t\t<\/div>\n\t\t\t\t<div class=\"elementor-element elementor-element-3bcdd39 e-grid-align-left elementor-shape-rounded elementor-grid-0 elementor-widget elementor-widget-social-icons\" data-id=\"3bcdd39\" data-element_type=\"widget\" data-e-type=\"widget\" data-widget_type=\"social-icons.default\">\n\t\t\t\t<div class=\"elementor-widget-container\">\n\t\t\t\t\t\t\t<div class=\"elementor-social-icons-wrapper elementor-grid\" role=\"list\">\n\t\t\t\t\t\t\t<span class=\"elementor-grid-item\" role=\"listitem\">\n\t\t\t\t\t<a class=\"elementor-icon elementor-social-icon elementor-social-icon-facebook elementor-repeater-item-a49298f\" href=\"https:\/\/www.facebook.com\/Dr.WalterRodriguez\" target=\"_blank\">\n\t\t\t\t\t\t<span class=\"elementor-screen-only\">Facebook<\/span>\n\t\t\t\t\t\t<svg aria-hidden=\"true\" class=\"e-font-icon-svg e-fab-facebook\" viewbox=\"0 0 512 512\" xmlns=\"http:\/\/www.w3.org\/2000\/svg\"><path d=\"M504 256C504 119 393 8 256 8S8 119 8 256c0 123.78 90.69 226.38 209.25 245V327.69h-63V256h63v-54.64c0-62.15 37-96.48 93.67-96.48 27.14 0 55.52 4.84 55.52 4.84v61h-31.28c-30.8 0-40.41 19.12-40.41 38.73V256h68.78l-11 71.69h-57.78V501C413.31 482.38 504 379.78 504 256z\"><\/path><\/svg>\t\t\t\t\t<\/a>\n\t\t\t\t<\/span>\n\t\t\t\t\t\t\t<span class=\"elementor-grid-item\" role=\"listitem\">\n\t\t\t\t\t<a class=\"elementor-icon elementor-social-icon elementor-social-icon-youtube elementor-repeater-item-6e1e626\" href=\"https:\/\/www.youtube.com\/channel\/UC_OlL52tvsI5f9WleYUw3DA\/videos\" target=\"_blank\">\n\t\t\t\t\t\t<span class=\"elementor-screen-only\">Youtube<\/span>\n\t\t\t\t\t\t<svg aria-hidden=\"true\" class=\"e-font-icon-svg e-fab-youtube\" viewbox=\"0 0 576 512\" xmlns=\"http:\/\/www.w3.org\/2000\/svg\"><path d=\"M549.655 124.083c-6.281-23.65-24.787-42.276-48.284-48.597C458.781 64 288 64 288 64S117.22 64 74.629 75.486c-23.497 6.322-42.003 24.947-48.284 48.597-11.412 42.867-11.412 132.305-11.412 132.305s0 89.438 11.412 132.305c6.281 23.65 24.787 41.5 48.284 47.821C117.22 448 288 448 288 448s170.78 0 213.371-11.486c23.497-6.321 42.003-24.171 48.284-47.821 11.412-42.867 11.412-132.305 11.412-132.305s0-89.438-11.412-132.305zm-317.51 213.508V175.185l142.739 81.205-142.739 81.201z\"><\/path><\/svg>\t\t\t\t\t<\/a>\n\t\t\t\t<\/span>\n\t\t\t\t\t<\/div>\n\t\t\t\t\t\t<\/div>\n\t\t\t\t<\/div>\n\t\t\t\t\t<\/div>\n\t\t\t\t<\/div>\n\t\t\t\t<\/div>\n\t\t\t\t<\/div>","protected":false},"excerpt":{"rendered":"<p>DR. WALTER RODR\u00cdGUEZ Plastic Surgeon &#8211; Facelift Specialist Facial CMP: 12768\u200b RNE: 12820 Dr. Walter Rodr\u00edguez is a plastic surgeon and member of the American Society of Plastic Surgeons, specializing in facelift procedures. This technique achieves very natural results through short incisions, ensuring excellent outcomes and quick recovery. We also offer an innovative non-invasive facial [&hellip;]<\/p>\n","protected":false},"author":1,"featured_media":0,"parent":0,"menu_order":0,"comment_status":"closed","ping_status":"closed","template":"","meta":{"footnotes":""},"class_list":["post-3183","page","type-page","status-publish","hentry"],"yoast_head":"<!-- This site is optimized with the Yoast SEO Premium plugin v22.9 (Yoast SEO v27.4) - https:\/\/yoast.com\/product\/yoast-seo-premium-wordpress\/ -->\n<title>Dr. Walter Rodr\u00edguez - Cl\u00ednica San Miguel - Peru Specialty Tours<\/title>\n<meta name=\"robots\" content=\"index, follow, max-snippet:-1, max-image-preview:large, max-video-preview:-1\" \/>\n<link rel=\"canonical\" href=\"https:\/\/peruspecialtytours.com\/de\/dr-walter-rodriguez-clinica-san-miguel\/\" \/>\n<meta property=\"og:locale\" content=\"de_DE\" \/>\n<meta property=\"og:type\" content=\"article\" \/>\n<meta property=\"og:title\" content=\"Dr. Walter Rodr\u00edguez - Cl\u00ednica San Miguel\" \/>\n<meta property=\"og:description\" content=\"DR. WALTER RODR\u00cdGUEZ Plastic Surgeon &#8211; Facelift Specialist Facial CMP: 12768\u200b RNE: 12820 Dr. Walter Rodr\u00edguez is a plastic surgeon and member of the American Society of Plastic Surgeons, specializing in facelift procedures. This technique achieves very natural results through short incisions, ensuring excellent outcomes and quick recovery. We also offer an innovative non-invasive facial [&hellip;]\" \/>\n<meta property=\"og:url\" content=\"https:\/\/peruspecialtytours.com\/de\/dr-walter-rodriguez-clinica-san-miguel\/\" \/>\n<meta property=\"og:site_name\" content=\"Peru Specialty Tours\" \/>\n<meta property=\"article:modified_time\" content=\"2024-07-03T10:12:27+00:00\" \/>\n<meta property=\"og:image\" content=\"https:\/\/peruspecialtytours.com\/wp-content\/uploads\/2024\/07\/dr.walter.cirujanoplastico.png\" \/>\n<meta name=\"twitter:card\" content=\"summary_large_image\" \/>\n<meta name=\"twitter:label1\" content=\"Gesch\u00e4tzte Lesezeit\" \/>\n\t<meta name=\"twitter:data1\" content=\"1\u00a0Minute\" \/>\n<script type=\"application\/ld+json\" class=\"yoast-schema-graph\">{\"@context\":\"https:\\\/\\\/schema.org\",\"@graph\":[{\"@type\":\"WebPage\",\"@id\":\"https:\\\/\\\/peruspecialtytours.com\\\/dr-walter-rodriguez-clinica-san-miguel\\\/\",\"url\":\"https:\\\/\\\/peruspecialtytours.com\\\/dr-walter-rodriguez-clinica-san-miguel\\\/\",\"name\":\"Dr. Walter Rodr\u00edguez - Cl\u00ednica San Miguel - Peru Specialty Tours\",\"isPartOf\":{\"@id\":\"https:\\\/\\\/peruspecialtytours.com\\\/#website\"},\"primaryImageOfPage\":{\"@id\":\"https:\\\/\\\/peruspecialtytours.com\\\/dr-walter-rodriguez-clinica-san-miguel\\\/#primaryimage\"},\"image\":{\"@id\":\"https:\\\/\\\/peruspecialtytours.com\\\/dr-walter-rodriguez-clinica-san-miguel\\\/#primaryimage\"},\"thumbnailUrl\":\"https:\\\/\\\/peruspecialtytours.com\\\/wp-content\\\/uploads\\\/2024\\\/07\\\/dr.walter.cirujanoplastico.png\",\"datePublished\":\"2024-07-03T09:31:17+00:00\",\"dateModified\":\"2024-07-03T10:12:27+00:00\",\"breadcrumb\":{\"@id\":\"https:\\\/\\\/peruspecialtytours.com\\\/dr-walter-rodriguez-clinica-san-miguel\\\/#breadcrumb\"},\"inLanguage\":\"de\",\"potentialAction\":[{\"@type\":\"ReadAction\",\"target\":[\"https:\\\/\\\/peruspecialtytours.com\\\/dr-walter-rodriguez-clinica-san-miguel\\\/\"]}]},{\"@type\":\"ImageObject\",\"inLanguage\":\"de\",\"@id\":\"https:\\\/\\\/peruspecialtytours.com\\\/dr-walter-rodriguez-clinica-san-miguel\\\/#primaryimage\",\"url\":\"https:\\\/\\\/peruspecialtytours.com\\\/wp-content\\\/uploads\\\/2024\\\/07\\\/dr.walter.cirujanoplastico.png\",\"contentUrl\":\"https:\\\/\\\/peruspecialtytours.com\\\/wp-content\\\/uploads\\\/2024\\\/07\\\/dr.walter.cirujanoplastico.png\"},{\"@type\":\"BreadcrumbList\",\"@id\":\"https:\\\/\\\/peruspecialtytours.com\\\/dr-walter-rodriguez-clinica-san-miguel\\\/#breadcrumb\",\"itemListElement\":[{\"@type\":\"ListItem\",\"position\":1,\"name\":\"Portada\",\"item\":\"https:\\\/\\\/peruspecialtytours.com\\\/\"},{\"@type\":\"ListItem\",\"position\":2,\"name\":\"Dr. Walter Rodr\u00edguez &#8211; Cl\u00ednica San Miguel\"}]},{\"@type\":\"WebSite\",\"@id\":\"https:\\\/\\\/peruspecialtytours.com\\\/#website\",\"url\":\"https:\\\/\\\/peruspecialtytours.com\\\/\",\"name\":\"Peru Specialty Tours\",\"description\":\"\",\"publisher\":{\"@id\":\"https:\\\/\\\/peruspecialtytours.com\\\/#organization\"},\"potentialAction\":[{\"@type\":\"SearchAction\",\"target\":{\"@type\":\"EntryPoint\",\"urlTemplate\":\"https:\\\/\\\/peruspecialtytours.com\\\/?s={search_term_string}\"},\"query-input\":{\"@type\":\"PropertyValueSpecification\",\"valueRequired\":true,\"valueName\":\"search_term_string\"}}],\"inLanguage\":\"de\"},{\"@type\":\"Organization\",\"@id\":\"https:\\\/\\\/peruspecialtytours.com\\\/#organization\",\"name\":\"Peru Specialty Tours\",\"url\":\"https:\\\/\\\/peruspecialtytours.com\\\/\",\"logo\":{\"@type\":\"ImageObject\",\"inLanguage\":\"de\",\"@id\":\"https:\\\/\\\/peruspecialtytours.com\\\/#\\\/schema\\\/logo\\\/image\\\/\",\"url\":\"https:\\\/\\\/peruspecialtytours.com\\\/wp-content\\\/uploads\\\/2023\\\/12\\\/logo-peru-specialty-tours.png\",\"contentUrl\":\"https:\\\/\\\/peruspecialtytours.com\\\/wp-content\\\/uploads\\\/2023\\\/12\\\/logo-peru-specialty-tours.png\",\"width\":198,\"height\":100,\"caption\":\"Peru Specialty Tours\"},\"image\":{\"@id\":\"https:\\\/\\\/peruspecialtytours.com\\\/#\\\/schema\\\/logo\\\/image\\\/\"}}]}<\/script>\n<!-- \/ Yoast SEO Premium plugin. -->","yoast_head_json":{"title":"Dr. Walter Rodr\u00edguez - Cl\u00ednica San Miguel - Peru Specialty Tours","robots":{"index":"index","follow":"follow","max-snippet":"max-snippet:-1","max-image-preview":"max-image-preview:large","max-video-preview":"max-video-preview:-1"},"canonical":"https:\/\/peruspecialtytours.com\/de\/dr-walter-rodriguez-clinica-san-miguel\/","og_locale":"de_DE","og_type":"article","og_title":"Dr. Walter Rodr\u00edguez - Cl\u00ednica San Miguel","og_description":"DR. WALTER RODR\u00cdGUEZ Plastic Surgeon &#8211; Facelift Specialist Facial CMP: 12768\u200b RNE: 12820 Dr. Walter Rodr\u00edguez is a plastic surgeon and member of the American Society of Plastic Surgeons, specializing in facelift procedures. This technique achieves very natural results through short incisions, ensuring excellent outcomes and quick recovery. We also offer an innovative non-invasive facial [&hellip;]","og_url":"https:\/\/peruspecialtytours.com\/de\/dr-walter-rodriguez-clinica-san-miguel\/","og_site_name":"Peru Specialty Tours","article_modified_time":"2024-07-03T10:12:27+00:00","og_image":[{"url":"https:\/\/peruspecialtytours.com\/wp-content\/uploads\/2024\/07\/dr.walter.cirujanoplastico.png","type":"","width":"","height":""}],"twitter_card":"summary_large_image","twitter_misc":{"Gesch\u00e4tzte Lesezeit":"1\u00a0Minute"},"schema":{"@context":"https:\/\/schema.org","@graph":[{"@type":"WebPage","@id":"https:\/\/peruspecialtytours.com\/dr-walter-rodriguez-clinica-san-miguel\/","url":"https:\/\/peruspecialtytours.com\/dr-walter-rodriguez-clinica-san-miguel\/","name":"Dr. Walter Rodr\u00edguez - Cl\u00ednica San Miguel - Peru Specialty Tours","isPartOf":{"@id":"https:\/\/peruspecialtytours.com\/#website"},"primaryImageOfPage":{"@id":"https:\/\/peruspecialtytours.com\/dr-walter-rodriguez-clinica-san-miguel\/#primaryimage"},"image":{"@id":"https:\/\/peruspecialtytours.com\/dr-walter-rodriguez-clinica-san-miguel\/#primaryimage"},"thumbnailUrl":"https:\/\/peruspecialtytours.com\/wp-content\/uploads\/2024\/07\/dr.walter.cirujanoplastico.png","datePublished":"2024-07-03T09:31:17+00:00","dateModified":"2024-07-03T10:12:27+00:00","breadcrumb":{"@id":"https:\/\/peruspecialtytours.com\/dr-walter-rodriguez-clinica-san-miguel\/#breadcrumb"},"inLanguage":"de","potentialAction":[{"@type":"ReadAction","target":["https:\/\/peruspecialtytours.com\/dr-walter-rodriguez-clinica-san-miguel\/"]}]},{"@type":"ImageObject","inLanguage":"de","@id":"https:\/\/peruspecialtytours.com\/dr-walter-rodriguez-clinica-san-miguel\/#primaryimage","url":"https:\/\/peruspecialtytours.com\/wp-content\/uploads\/2024\/07\/dr.walter.cirujanoplastico.png","contentUrl":"https:\/\/peruspecialtytours.com\/wp-content\/uploads\/2024\/07\/dr.walter.cirujanoplastico.png"},{"@type":"BreadcrumbList","@id":"https:\/\/peruspecialtytours.com\/dr-walter-rodriguez-clinica-san-miguel\/#breadcrumb","itemListElement":[{"@type":"ListItem","position":1,"name":"Portada","item":"https:\/\/peruspecialtytours.com\/"},{"@type":"ListItem","position":2,"name":"Dr. Walter Rodr\u00edguez &#8211; Cl\u00ednica San Miguel"}]},{"@type":"WebSite","@id":"https:\/\/peruspecialtytours.com\/#website","url":"https:\/\/peruspecialtytours.com\/","name":"Peru Specialty Tours","description":"","publisher":{"@id":"https:\/\/peruspecialtytours.com\/#organization"},"potentialAction":[{"@type":"SearchAction","target":{"@type":"EntryPoint","urlTemplate":"https:\/\/peruspecialtytours.com\/?s={search_term_string}"},"query-input":{"@type":"PropertyValueSpecification","valueRequired":true,"valueName":"search_term_string"}}],"inLanguage":"de"},{"@type":"Organization","@id":"https:\/\/peruspecialtytours.com\/#organization","name":"Peru Specialty Tours","url":"https:\/\/peruspecialtytours.com\/","logo":{"@type":"ImageObject","inLanguage":"de","@id":"https:\/\/peruspecialtytours.com\/#\/schema\/logo\/image\/","url":"https:\/\/peruspecialtytours.com\/wp-content\/uploads\/2023\/12\/logo-peru-specialty-tours.png","contentUrl":"https:\/\/peruspecialtytours.com\/wp-content\/uploads\/2023\/12\/logo-peru-specialty-tours.png","width":198,"height":100,"caption":"Peru Specialty Tours"},"image":{"@id":"https:\/\/peruspecialtytours.com\/#\/schema\/logo\/image\/"}}]}},"_links":{"self":[{"href":"https:\/\/peruspecialtytours.com\/de\/wp-json\/wp\/v2\/pages\/3183","targetHints":{"allow":["GET"]}}],"collection":[{"href":"https:\/\/peruspecialtytours.com\/de\/wp-json\/wp\/v2\/pages"}],"about":[{"href":"https:\/\/peruspecialtytours.com\/de\/wp-json\/wp\/v2\/types\/page"}],"author":[{"embeddable":true,"href":"https:\/\/peruspecialtytours.com\/de\/wp-json\/wp\/v2\/users\/1"}],"replies":[{"embeddable":true,"href":"https:\/\/peruspecialtytours.com\/de\/wp-json\/wp\/v2\/comments?post=3183"}],"version-history":[{"count":10,"href":"https:\/\/peruspecialtytours.com\/de\/wp-json\/wp\/v2\/pages\/3183\/revisions"}],"predecessor-version":[{"id":3197,"href":"https:\/\/peruspecialtytours.com\/de\/wp-json\/wp\/v2\/pages\/3183\/revisions\/3197"}],"wp:attachment":[{"href":"https:\/\/peruspecialtytours.com\/de\/wp-json\/wp\/v2\/media?parent=3183"}],"curies":[{"name":"wp","href":"https:\/\/api.w.org\/{rel}","templated":true}]}}