{"id":2570,"date":"2024-04-09T10:25:14","date_gmt":"2024-04-09T15:25:14","guid":{"rendered":"https:\/\/peruspecialtytours.com\/?page_id=2570"},"modified":"2024-04-10T16:17:10","modified_gmt":"2024-04-10T21:17:10","slug":"dr-mauricio-miranda-consultorio-oftalmolima","status":"publish","type":"page","link":"https:\/\/peruspecialtytours.com\/de\/dr-mauricio-miranda-consultorio-oftalmolima\/","title":{"rendered":"Dr. Mauricio Miranda &#8211; Consultorio Oftalmolima"},"content":{"rendered":"<div data-elementor-type=\"wp-page\" data-elementor-id=\"2570\" class=\"elementor elementor-2570\" data-elementor-post-type=\"page\">\n\t\t\t\t<div class=\"elementor-element elementor-element-a1df56a e-flex e-con-boxed e-con e-parent\" data-id=\"a1df56a\" data-element_type=\"container\" data-e-type=\"container\">\n\t\t\t\t\t<div class=\"e-con-inner\">\n\t\t\t\t\t<\/div>\n\t\t\t\t<\/div>\n\t\t<div class=\"elementor-element elementor-element-4e2b45b e-con-full e-flex e-con e-parent\" data-id=\"4e2b45b\" data-element_type=\"container\" data-e-type=\"container\">\n\t\t<div class=\"elementor-element elementor-element-0ed96f0 e-flex e-con-boxed e-con e-child\" data-id=\"0ed96f0\" data-element_type=\"container\" data-e-type=\"container\" data-settings=\"{&quot;background_background&quot;:&quot;classic&quot;}\">\n\t\t\t\t\t<div class=\"e-con-inner\">\n\t\t\t\t<div class=\"elementor-element elementor-element-94708a1 elementor-widget elementor-widget-image\" data-id=\"94708a1\" data-element_type=\"widget\" data-e-type=\"widget\" data-widget_type=\"image.default\">\n\t\t\t\t<div class=\"elementor-widget-container\">\n\t\t\t\t\t\t\t\t\t\t\t\t\t\t\t<img fetchpriority=\"high\" decoding=\"async\" width=\"436\" height=\"551\" src=\"https:\/\/peruspecialtytours.com\/wp-content\/uploads\/2024\/04\/mauricio-miranda-doctor-oftalmologo-peruspecialtytours.png\" class=\"attachment-large size-large wp-image-2582\" alt=\"\" srcset=\"https:\/\/peruspecialtytours.com\/wp-content\/uploads\/2024\/04\/mauricio-miranda-doctor-oftalmologo-peruspecialtytours.png 436w, https:\/\/peruspecialtytours.com\/wp-content\/uploads\/2024\/04\/mauricio-miranda-doctor-oftalmologo-peruspecialtytours-237x300.png 237w\" sizes=\"(max-width: 436px) 100vw, 436px\" \/>\t\t\t\t\t\t\t\t\t\t\t\t\t\t\t<\/div>\n\t\t\t\t<\/div>\n\t\t\t\t\t<\/div>\n\t\t\t\t<\/div>\n\t\t<div class=\"elementor-element elementor-element-09e0ac6 e-flex e-con-boxed e-con e-child\" data-id=\"09e0ac6\" data-element_type=\"container\" data-e-type=\"container\">\n\t\t\t\t\t<div class=\"e-con-inner\">\n\t\t\t\t<div class=\"elementor-element elementor-element-c3b92bf elementor-widget elementor-widget-image\" data-id=\"c3b92bf\" data-element_type=\"widget\" data-e-type=\"widget\" data-widget_type=\"image.default\">\n\t\t\t\t<div class=\"elementor-widget-container\">\n\t\t\t\t\t\t\t\t\t\t\t\t\t\t\t<img decoding=\"async\" width=\"335\" height=\"66\" src=\"https:\/\/peruspecialtytours.com\/wp-content\/uploads\/2024\/04\/logo-oftalmolima-oficial-1.png\" class=\"attachment-large size-large wp-image-2777\" alt=\"\" srcset=\"https:\/\/peruspecialtytours.com\/wp-content\/uploads\/2024\/04\/logo-oftalmolima-oficial-1.png 335w, https:\/\/peruspecialtytours.com\/wp-content\/uploads\/2024\/04\/logo-oftalmolima-oficial-1-300x59.png 300w\" sizes=\"(max-width: 335px) 100vw, 335px\" \/>\t\t\t\t\t\t\t\t\t\t\t\t\t\t\t<\/div>\n\t\t\t\t<\/div>\n\t\t\t\t<div class=\"elementor-element elementor-element-cebc85a elementor-widget elementor-widget-heading\" data-id=\"cebc85a\" data-element_type=\"widget\" data-e-type=\"widget\" data-widget_type=\"heading.default\">\n\t\t\t\t<div class=\"elementor-widget-container\">\n\t\t\t\t\t<h2 class=\"elementor-heading-title elementor-size-default\">DR. Mauricio Miranda<\/h2>\t\t\t\t<\/div>\n\t\t\t\t<\/div>\n\t\t\t\t<div class=\"elementor-element elementor-element-bbbc0bc elementor-widget elementor-widget-heading\" data-id=\"bbbc0bc\" data-element_type=\"widget\" data-e-type=\"widget\" data-widget_type=\"heading.default\">\n\t\t\t\t<div class=\"elementor-widget-container\">\n\t\t\t\t\t<h2 class=\"elementor-heading-title elementor-size-default\">Augenarzt MD. MMed. Oph.<br \/>\nCMP: 37315\u200b<br \/>\nRufnummer: 17580<\/h2>\t\t\t\t<\/div>\n\t\t\t\t<\/div>\n\t\t\t\t<div class=\"elementor-element elementor-element-89c6dee elementor-widget elementor-widget-text-editor\" data-id=\"89c6dee\" data-element_type=\"widget\" data-e-type=\"widget\" data-widget_type=\"text-editor.default\">\n\t\t\t\t<div class=\"elementor-widget-container\">\n\t\t\t\t\t\t\t\t\t<p>Hochqualifizierter Augenchirurg mit Erfahrung in einer Vielzahl von fortgeschrittenen ophthalmischen Verfahren. Spezialisiert auf modernste Techniken wie Phakoemulsifikation und Excimer-Laser zur pr\u00e4zisen und effektiven Behandlung von Katarakten und refraktiven Problemen. Erfahrung in refraktiver und Hornhautchirurgie, einschlie\u00dflich phaker Linsenimplantate und Hornhauttransplantationen, sowie innovativen Verfahren wie Crosslinking und intrastromalen Ringimplantaten bei Keratokonus. Engagement f\u00fcr Spitzenleistungen und Patientenbetreuung gew\u00e4hrleistet hervorragende Ergebnisse und umfassende Betreuung aller Augenbed\u00fcrfnisse.<\/p>\t\t\t\t\t\t\t\t<\/div>\n\t\t\t\t<\/div>\n\t\t\t\t<div class=\"elementor-element elementor-element-4423aaa elementor-widget elementor-widget-heading\" data-id=\"4423aaa\" data-element_type=\"widget\" data-e-type=\"widget\" data-widget_type=\"heading.default\">\n\t\t\t\t<div class=\"elementor-widget-container\">\n\t\t\t\t\t<h2 class=\"elementor-heading-title elementor-size-default\"><a href=\"http:\/\/www.oftalmolima.pe\" target=\"_blank\">www.oftalmolima.pe<\/a><\/h2>\t\t\t\t<\/div>\n\t\t\t\t<\/div>\n\t\t\t\t<div class=\"elementor-element elementor-element-fa1fc12 e-grid-align-left elementor-shape-rounded elementor-grid-0 elementor-widget elementor-widget-social-icons\" data-id=\"fa1fc12\" data-element_type=\"widget\" data-e-type=\"widget\" data-widget_type=\"social-icons.default\">\n\t\t\t\t<div class=\"elementor-widget-container\">\n\t\t\t\t\t\t\t<div class=\"elementor-social-icons-wrapper elementor-grid\" role=\"list\">\n\t\t\t\t\t\t\t<span class=\"elementor-grid-item\" role=\"listitem\">\n\t\t\t\t\t<a class=\"elementor-icon elementor-social-icon elementor-social-icon-facebook elementor-repeater-item-a49298f\" href=\"https:\/\/www.facebook.com\/Oftalmolima\" target=\"_blank\">\n\t\t\t\t\t\t<span class=\"elementor-screen-only\">Facebook<\/span>\n\t\t\t\t\t\t<svg aria-hidden=\"true\" class=\"e-font-icon-svg e-fab-facebook\" viewbox=\"0 0 512 512\" xmlns=\"http:\/\/www.w3.org\/2000\/svg\"><path d=\"M504 256C504 119 393 8 256 8S8 119 8 256c0 123.78 90.69 226.38 209.25 245V327.69h-63V256h63v-54.64c0-62.15 37-96.48 93.67-96.48 27.14 0 55.52 4.84 55.52 4.84v61h-31.28c-30.8 0-40.41 19.12-40.41 38.73V256h68.78l-11 71.69h-57.78V501C413.31 482.38 504 379.78 504 256z\"><\/path><\/svg>\t\t\t\t\t<\/a>\n\t\t\t\t<\/span>\n\t\t\t\t\t\t\t<span class=\"elementor-grid-item\" role=\"listitem\">\n\t\t\t\t\t<a class=\"elementor-icon elementor-social-icon elementor-social-icon-instagram elementor-repeater-item-fe72cf4\" href=\"https:\/\/www.instagram.com\/oftalmolimaperu\/\" target=\"_blank\">\n\t\t\t\t\t\t<span class=\"elementor-screen-only\">BIKE24 nutzt f\u00fcr den genannten Dienst die technische Plattform von Instagram (Facebook Ireland Ltd., 4 Grand Canal Square, Dublin 2,<\/span>\n\t\t\t\t\t\t<svg aria-hidden=\"true\" class=\"e-font-icon-svg e-fab-instagram\" viewbox=\"0 0 448 512\" xmlns=\"http:\/\/www.w3.org\/2000\/svg\"><path d=\"M224.1 141c-63.6 0-114.9 51.3-114.9 114.9s51.3 114.9 114.9 114.9S339 319.5 339 255.9 287.7 141 224.1 141zm0 189.6c-41.1 0-74.7-33.5-74.7-74.7s33.5-74.7 74.7-74.7 74.7 33.5 74.7 74.7-33.6 74.7-74.7 74.7zm146.4-194.3c0 14.9-12 26.8-26.8 26.8-14.9 0-26.8-12-26.8-26.8s12-26.8 26.8-26.8 26.8 12 26.8 26.8zm76.1 27.2c-1.7-35.9-9.9-67.7-36.2-93.9-26.2-26.2-58-34.4-93.9-36.2-37-2.1-147.9-2.1-184.9 0-35.8 1.7-67.6 9.9-93.9 36.1s-34.4 58-36.2 93.9c-2.1 37-2.1 147.9 0 184.9 1.7 35.9 9.9 67.7 36.2 93.9s58 34.4 93.9 36.2c37 2.1 147.9 2.1 184.9 0 35.9-1.7 67.7-9.9 93.9-36.2 26.2-26.2 34.4-58 36.2-93.9 2.1-37 2.1-147.8 0-184.8zM398.8 388c-7.8 19.6-22.9 34.7-42.6 42.6-29.5 11.7-99.5 9-132.1 9s-102.7 2.6-132.1-9c-19.6-7.8-34.7-22.9-42.6-42.6-11.7-29.5-9-99.5-9-132.1s-2.6-102.7 9-132.1c7.8-19.6 22.9-34.7 42.6-42.6 29.5-11.7 99.5-9 132.1-9s102.7-2.6 132.1 9c19.6 7.8 34.7 22.9 42.6 42.6 11.7 29.5 9 99.5 9 132.1s2.7 102.7-9 132.1z\"><\/path><\/svg>\t\t\t\t\t<\/a>\n\t\t\t\t<\/span>\n\t\t\t\t\t\t\t<span class=\"elementor-grid-item\" role=\"listitem\">\n\t\t\t\t\t<a class=\"elementor-icon elementor-social-icon elementor-social-icon-youtube elementor-repeater-item-6e1e626\" href=\"https:\/\/www.youtube.com\/@oftalmolima\" target=\"_blank\">\n\t\t\t\t\t\t<span class=\"elementor-screen-only\">Youtube<\/span>\n\t\t\t\t\t\t<svg aria-hidden=\"true\" class=\"e-font-icon-svg e-fab-youtube\" viewbox=\"0 0 576 512\" xmlns=\"http:\/\/www.w3.org\/2000\/svg\"><path d=\"M549.655 124.083c-6.281-23.65-24.787-42.276-48.284-48.597C458.781 64 288 64 288 64S117.22 64 74.629 75.486c-23.497 6.322-42.003 24.947-48.284 48.597-11.412 42.867-11.412 132.305-11.412 132.305s0 89.438 11.412 132.305c6.281 23.65 24.787 41.5 48.284 47.821C117.22 448 288 448 288 448s170.78 0 213.371-11.486c23.497-6.321 42.003-24.171 48.284-47.821 11.412-42.867 11.412-132.305 11.412-132.305s0-89.438-11.412-132.305zm-317.51 213.508V175.185l142.739 81.205-142.739 81.201z\"><\/path><\/svg>\t\t\t\t\t<\/a>\n\t\t\t\t<\/span>\n\t\t\t\t\t\t\t<span class=\"elementor-grid-item\" role=\"listitem\">\n\t\t\t\t\t<a class=\"elementor-icon elementor-social-icon elementor-social-icon-tiktok elementor-repeater-item-299f6b2\" href=\"https:\/\/www.tiktok.com\/@oftalmolima.pe\" target=\"_blank\">\n\t\t\t\t\t\t<span class=\"elementor-screen-only\">Tick Tack<\/span>\n\t\t\t\t\t\t<svg aria-hidden=\"true\" class=\"e-font-icon-svg e-fab-tiktok\" viewbox=\"0 0 448 512\" xmlns=\"http:\/\/www.w3.org\/2000\/svg\"><path d=\"M448,209.91a210.06,210.06,0,0,1-122.77-39.25V349.38A162.55,162.55,0,1,1,185,188.31V278.2a74.62,74.62,0,1,0,52.23,71.18V0l88,0a121.18,121.18,0,0,0,1.86,22.17h0A122.18,122.18,0,0,0,381,102.39a121.43,121.43,0,0,0,67,20.14Z\"><\/path><\/svg>\t\t\t\t\t<\/a>\n\t\t\t\t<\/span>\n\t\t\t\t\t<\/div>\n\t\t\t\t\t\t<\/div>\n\t\t\t\t<\/div>\n\t\t\t\t\t<\/div>\n\t\t\t\t<\/div>\n\t\t\t\t<\/div>\n\t\t\t\t<\/div>","protected":false},"excerpt":{"rendered":"<p>dR. mauricio miranda Oftalm\u00f3logo MD. MMed. Oph. CMP: 37315\u200b RNE: 17580 Highly skilled ophthalmic surgeon proficient in a wide range of advanced ophthalmic procedures. Specialized in cutting-edge techniques such as phacoemulsification and Excimer laser for precision and effective treatment of cataracts and refractive issues. Experienced in refractive and corneal surgery, including phakic lens implants and [&hellip;]<\/p>\n","protected":false},"author":1,"featured_media":0,"parent":0,"menu_order":0,"comment_status":"closed","ping_status":"closed","template":"elementor_header_footer","meta":{"footnotes":""},"class_list":["post-2570","page","type-page","status-publish","hentry"],"yoast_head":"<!-- This site is optimized with the Yoast SEO Premium plugin v22.9 (Yoast SEO v27.4) - https:\/\/yoast.com\/product\/yoast-seo-premium-wordpress\/ -->\n<title>Dr. Mauricio Miranda - Consultorio Oftalmolima - Peru Specialty Tours<\/title>\n<meta name=\"robots\" content=\"index, follow, max-snippet:-1, max-image-preview:large, max-video-preview:-1\" \/>\n<link rel=\"canonical\" href=\"https:\/\/peruspecialtytours.com\/de\/dr-mauricio-miranda-consultorio-oftalmolima\/\" \/>\n<meta property=\"og:locale\" content=\"de_DE\" \/>\n<meta property=\"og:type\" content=\"article\" \/>\n<meta property=\"og:title\" content=\"Dr. Mauricio Miranda - Consultorio Oftalmolima\" \/>\n<meta property=\"og:description\" content=\"dR. mauricio miranda Oftalm\u00f3logo MD. MMed. Oph. CMP: 37315\u200b RNE: 17580 Highly skilled ophthalmic surgeon proficient in a wide range of advanced ophthalmic procedures. Specialized in cutting-edge techniques such as phacoemulsification and Excimer laser for precision and effective treatment of cataracts and refractive issues. Experienced in refractive and corneal surgery, including phakic lens implants and [&hellip;]\" \/>\n<meta property=\"og:url\" content=\"https:\/\/peruspecialtytours.com\/de\/dr-mauricio-miranda-consultorio-oftalmolima\/\" \/>\n<meta property=\"og:site_name\" content=\"Peru Specialty Tours\" \/>\n<meta property=\"article:modified_time\" content=\"2024-04-10T21:17:10+00:00\" \/>\n<meta property=\"og:image\" content=\"https:\/\/peruspecialtytours.com\/wp-content\/uploads\/2024\/04\/mauricio-miranda-doctor-oftalmologo-peruspecialtytours.png\" \/>\n<meta name=\"twitter:card\" content=\"summary_large_image\" \/>\n<script type=\"application\/ld+json\" class=\"yoast-schema-graph\">{\"@context\":\"https:\\\/\\\/schema.org\",\"@graph\":[{\"@type\":\"WebPage\",\"@id\":\"https:\\\/\\\/peruspecialtytours.com\\\/dr-mauricio-miranda-consultorio-oftalmolima\\\/\",\"url\":\"https:\\\/\\\/peruspecialtytours.com\\\/dr-mauricio-miranda-consultorio-oftalmolima\\\/\",\"name\":\"Dr. Mauricio Miranda - Consultorio Oftalmolima - Peru Specialty Tours\",\"isPartOf\":{\"@id\":\"https:\\\/\\\/peruspecialtytours.com\\\/#website\"},\"primaryImageOfPage\":{\"@id\":\"https:\\\/\\\/peruspecialtytours.com\\\/dr-mauricio-miranda-consultorio-oftalmolima\\\/#primaryimage\"},\"image\":{\"@id\":\"https:\\\/\\\/peruspecialtytours.com\\\/dr-mauricio-miranda-consultorio-oftalmolima\\\/#primaryimage\"},\"thumbnailUrl\":\"https:\\\/\\\/peruspecialtytours.com\\\/wp-content\\\/uploads\\\/2024\\\/04\\\/mauricio-miranda-doctor-oftalmologo-peruspecialtytours.png\",\"datePublished\":\"2024-04-09T15:25:14+00:00\",\"dateModified\":\"2024-04-10T21:17:10+00:00\",\"breadcrumb\":{\"@id\":\"https:\\\/\\\/peruspecialtytours.com\\\/dr-mauricio-miranda-consultorio-oftalmolima\\\/#breadcrumb\"},\"inLanguage\":\"de\",\"potentialAction\":[{\"@type\":\"ReadAction\",\"target\":[\"https:\\\/\\\/peruspecialtytours.com\\\/dr-mauricio-miranda-consultorio-oftalmolima\\\/\"]}]},{\"@type\":\"ImageObject\",\"inLanguage\":\"de\",\"@id\":\"https:\\\/\\\/peruspecialtytours.com\\\/dr-mauricio-miranda-consultorio-oftalmolima\\\/#primaryimage\",\"url\":\"https:\\\/\\\/peruspecialtytours.com\\\/wp-content\\\/uploads\\\/2024\\\/04\\\/mauricio-miranda-doctor-oftalmologo-peruspecialtytours.png\",\"contentUrl\":\"https:\\\/\\\/peruspecialtytours.com\\\/wp-content\\\/uploads\\\/2024\\\/04\\\/mauricio-miranda-doctor-oftalmologo-peruspecialtytours.png\"},{\"@type\":\"BreadcrumbList\",\"@id\":\"https:\\\/\\\/peruspecialtytours.com\\\/dr-mauricio-miranda-consultorio-oftalmolima\\\/#breadcrumb\",\"itemListElement\":[{\"@type\":\"ListItem\",\"position\":1,\"name\":\"Portada\",\"item\":\"https:\\\/\\\/peruspecialtytours.com\\\/\"},{\"@type\":\"ListItem\",\"position\":2,\"name\":\"Dr. Mauricio Miranda &#8211; Consultorio Oftalmolima\"}]},{\"@type\":\"WebSite\",\"@id\":\"https:\\\/\\\/peruspecialtytours.com\\\/#website\",\"url\":\"https:\\\/\\\/peruspecialtytours.com\\\/\",\"name\":\"Peru Specialty Tours\",\"description\":\"\",\"publisher\":{\"@id\":\"https:\\\/\\\/peruspecialtytours.com\\\/#organization\"},\"potentialAction\":[{\"@type\":\"SearchAction\",\"target\":{\"@type\":\"EntryPoint\",\"urlTemplate\":\"https:\\\/\\\/peruspecialtytours.com\\\/?s={search_term_string}\"},\"query-input\":{\"@type\":\"PropertyValueSpecification\",\"valueRequired\":true,\"valueName\":\"search_term_string\"}}],\"inLanguage\":\"de\"},{\"@type\":\"Organization\",\"@id\":\"https:\\\/\\\/peruspecialtytours.com\\\/#organization\",\"name\":\"Peru Specialty Tours\",\"url\":\"https:\\\/\\\/peruspecialtytours.com\\\/\",\"logo\":{\"@type\":\"ImageObject\",\"inLanguage\":\"de\",\"@id\":\"https:\\\/\\\/peruspecialtytours.com\\\/#\\\/schema\\\/logo\\\/image\\\/\",\"url\":\"https:\\\/\\\/peruspecialtytours.com\\\/wp-content\\\/uploads\\\/2023\\\/12\\\/logo-peru-specialty-tours.png\",\"contentUrl\":\"https:\\\/\\\/peruspecialtytours.com\\\/wp-content\\\/uploads\\\/2023\\\/12\\\/logo-peru-specialty-tours.png\",\"width\":198,\"height\":100,\"caption\":\"Peru Specialty Tours\"},\"image\":{\"@id\":\"https:\\\/\\\/peruspecialtytours.com\\\/#\\\/schema\\\/logo\\\/image\\\/\"}}]}<\/script>\n<!-- \/ Yoast SEO Premium plugin. -->","yoast_head_json":{"title":"Dr. Mauricio Miranda - Consultorio Oftalmolima - Peru Specialty Tours","robots":{"index":"index","follow":"follow","max-snippet":"max-snippet:-1","max-image-preview":"max-image-preview:large","max-video-preview":"max-video-preview:-1"},"canonical":"https:\/\/peruspecialtytours.com\/de\/dr-mauricio-miranda-consultorio-oftalmolima\/","og_locale":"de_DE","og_type":"article","og_title":"Dr. Mauricio Miranda - Consultorio Oftalmolima","og_description":"dR. mauricio miranda Oftalm\u00f3logo MD. MMed. Oph. CMP: 37315\u200b RNE: 17580 Highly skilled ophthalmic surgeon proficient in a wide range of advanced ophthalmic procedures. Specialized in cutting-edge techniques such as phacoemulsification and Excimer laser for precision and effective treatment of cataracts and refractive issues. Experienced in refractive and corneal surgery, including phakic lens implants and [&hellip;]","og_url":"https:\/\/peruspecialtytours.com\/de\/dr-mauricio-miranda-consultorio-oftalmolima\/","og_site_name":"Peru Specialty Tours","article_modified_time":"2024-04-10T21:17:10+00:00","og_image":[{"url":"https:\/\/peruspecialtytours.com\/wp-content\/uploads\/2024\/04\/mauricio-miranda-doctor-oftalmologo-peruspecialtytours.png","type":"","width":"","height":""}],"twitter_card":"summary_large_image","schema":{"@context":"https:\/\/schema.org","@graph":[{"@type":"WebPage","@id":"https:\/\/peruspecialtytours.com\/dr-mauricio-miranda-consultorio-oftalmolima\/","url":"https:\/\/peruspecialtytours.com\/dr-mauricio-miranda-consultorio-oftalmolima\/","name":"Dr. Mauricio Miranda - Consultorio Oftalmolima - Peru Specialty Tours","isPartOf":{"@id":"https:\/\/peruspecialtytours.com\/#website"},"primaryImageOfPage":{"@id":"https:\/\/peruspecialtytours.com\/dr-mauricio-miranda-consultorio-oftalmolima\/#primaryimage"},"image":{"@id":"https:\/\/peruspecialtytours.com\/dr-mauricio-miranda-consultorio-oftalmolima\/#primaryimage"},"thumbnailUrl":"https:\/\/peruspecialtytours.com\/wp-content\/uploads\/2024\/04\/mauricio-miranda-doctor-oftalmologo-peruspecialtytours.png","datePublished":"2024-04-09T15:25:14+00:00","dateModified":"2024-04-10T21:17:10+00:00","breadcrumb":{"@id":"https:\/\/peruspecialtytours.com\/dr-mauricio-miranda-consultorio-oftalmolima\/#breadcrumb"},"inLanguage":"de","potentialAction":[{"@type":"ReadAction","target":["https:\/\/peruspecialtytours.com\/dr-mauricio-miranda-consultorio-oftalmolima\/"]}]},{"@type":"ImageObject","inLanguage":"de","@id":"https:\/\/peruspecialtytours.com\/dr-mauricio-miranda-consultorio-oftalmolima\/#primaryimage","url":"https:\/\/peruspecialtytours.com\/wp-content\/uploads\/2024\/04\/mauricio-miranda-doctor-oftalmologo-peruspecialtytours.png","contentUrl":"https:\/\/peruspecialtytours.com\/wp-content\/uploads\/2024\/04\/mauricio-miranda-doctor-oftalmologo-peruspecialtytours.png"},{"@type":"BreadcrumbList","@id":"https:\/\/peruspecialtytours.com\/dr-mauricio-miranda-consultorio-oftalmolima\/#breadcrumb","itemListElement":[{"@type":"ListItem","position":1,"name":"Portada","item":"https:\/\/peruspecialtytours.com\/"},{"@type":"ListItem","position":2,"name":"Dr. Mauricio Miranda &#8211; Consultorio Oftalmolima"}]},{"@type":"WebSite","@id":"https:\/\/peruspecialtytours.com\/#website","url":"https:\/\/peruspecialtytours.com\/","name":"Peru Specialty Tours","description":"","publisher":{"@id":"https:\/\/peruspecialtytours.com\/#organization"},"potentialAction":[{"@type":"SearchAction","target":{"@type":"EntryPoint","urlTemplate":"https:\/\/peruspecialtytours.com\/?s={search_term_string}"},"query-input":{"@type":"PropertyValueSpecification","valueRequired":true,"valueName":"search_term_string"}}],"inLanguage":"de"},{"@type":"Organization","@id":"https:\/\/peruspecialtytours.com\/#organization","name":"Peru Specialty Tours","url":"https:\/\/peruspecialtytours.com\/","logo":{"@type":"ImageObject","inLanguage":"de","@id":"https:\/\/peruspecialtytours.com\/#\/schema\/logo\/image\/","url":"https:\/\/peruspecialtytours.com\/wp-content\/uploads\/2023\/12\/logo-peru-specialty-tours.png","contentUrl":"https:\/\/peruspecialtytours.com\/wp-content\/uploads\/2023\/12\/logo-peru-specialty-tours.png","width":198,"height":100,"caption":"Peru Specialty Tours"},"image":{"@id":"https:\/\/peruspecialtytours.com\/#\/schema\/logo\/image\/"}}]}},"_links":{"self":[{"href":"https:\/\/peruspecialtytours.com\/de\/wp-json\/wp\/v2\/pages\/2570","targetHints":{"allow":["GET"]}}],"collection":[{"href":"https:\/\/peruspecialtytours.com\/de\/wp-json\/wp\/v2\/pages"}],"about":[{"href":"https:\/\/peruspecialtytours.com\/de\/wp-json\/wp\/v2\/types\/page"}],"author":[{"embeddable":true,"href":"https:\/\/peruspecialtytours.com\/de\/wp-json\/wp\/v2\/users\/1"}],"replies":[{"embeddable":true,"href":"https:\/\/peruspecialtytours.com\/de\/wp-json\/wp\/v2\/comments?post=2570"}],"version-history":[{"count":37,"href":"https:\/\/peruspecialtytours.com\/de\/wp-json\/wp\/v2\/pages\/2570\/revisions"}],"predecessor-version":[{"id":2780,"href":"https:\/\/peruspecialtytours.com\/de\/wp-json\/wp\/v2\/pages\/2570\/revisions\/2780"}],"wp:attachment":[{"href":"https:\/\/peruspecialtytours.com\/de\/wp-json\/wp\/v2\/media?parent=2570"}],"curies":[{"name":"wp","href":"https:\/\/api.w.org\/{rel}","templated":true}]}}